{"id":5,"date":"2016-11-26T11:43:12","date_gmt":"2016-11-26T13:43:12","guid":{"rendered":"http:\/\/localhost\/itmo\/?page_id=5"},"modified":"2020-10-27T11:58:49","modified_gmt":"2020-10-27T14:58:49","slug":"instituto-tmo","status":"publish","type":"page","link":"https:\/\/www.institutotmo.org.br\/old\/","title":{"rendered":"Instituto TMO &#8211; Casa Malice"},"content":{"rendered":"<p>[vc_row full_width=&#8221;stretch_row_content_no_spaces&#8221; css=&#8221;.vc_custom_1482989074893{margin-top: 0px !important;margin-right: 0px !important;margin-bottom: 0px !important;margin-left: 0px !important;padding-top: 0px !important;padding-right: 0px !important;padding-bottom: 0px !important;padding-left: 0px !important;}&#8221;][vc_column css=&#8221;.vc_custom_1480228500768{margin-top: 0px !important;margin-right: 0px !important;margin-bottom: 0px !important;margin-left: 0px !important;padding-top: 0px !important;padding-right: 0px !important;padding-bottom: 0px !important;padding-left: 0px !important;}&#8221;][rev_slider_vc alias=&#8221;agency-2&#8243;][\/vc_column][\/vc_row][vc_row gap=&#8221;25&#8243; el_id=&#8221;conhecaoitmo&#8221;][vc_column width=&#8221;1\/3&#8243;][vc_column_text]<\/p>\n<h3>DOE<\/h3>\n<p>[\/vc_column_text][vc_column_text el_class=&#8221;colunaumhome&#8221;]<\/p>\n<h4 class=\"iconhome\"><a href=\"http:\/\/www.institutotmo.org.br\/doacao-de-medula-ossea\"><img loading=\"lazy\" class=\"alignnone wp-image-60 size-full\" style=\"margin-right: 25px !important;\" src=\"http:\/\/www.institutotmo.org.br\/wp-content\/uploads\/2016\/11\/medula-icon.png\" width=\"72\" height=\"68\" \/><\/a><a href=\"http:\/\/www.institutotmo.org.br\/doacao-de-medula-ossea\/\">MEDULA \u00d3SSEA<\/a><\/h4>\n<h4 class=\"iconhome\"><a href=\"http:\/\/www.institutotmo.org.br\/doacao-de-sangue\/\"><img loading=\"lazy\" class=\"alignnone wp-image-62 size-full\" style=\"margin-right: 25px !important;\" src=\"http:\/\/www.institutotmo.org.br\/wp-content\/uploads\/2016\/11\/sangue-icon.png\" alt=\"sangue-icon\" width=\"72\" height=\"68\" \/><\/a><a href=\"http:\/\/www.institutotmo.org.br\/doacao-de-sangue\/\">SANGUE<\/a><\/h4>\n<h4 class=\"iconhome\"><a href=\"http:\/\/www.institutotmo.org.br\/doacao-de-plaquetas\/\"><img loading=\"lazy\" class=\"alignnone wp-image-61 size-full\" style=\"margin-right: 25px !important;\" src=\"http:\/\/www.institutotmo.org.br\/wp-content\/uploads\/2016\/11\/plaquetas-icon.png\" width=\"72\" height=\"68\" \/><\/a><a href=\"http:\/\/www.institutotmo.org.br\/doacao-de-plaquetas\/\">PLAQUETAS<\/a><\/h4>\n<p>[\/vc_column_text][\/vc_column][vc_column width=&#8221;1\/3&#8243;][vc_column_text]<\/p>\n<h3>APOIE<\/h3>\n<p>[\/vc_column_text][vc_column_text]<img loading=\"lazy\" id=\"homecheck\" class=\"alignnone size-full wp-image-59\" src=\"http:\/\/www.institutotmo.org.br\/wp-content\/uploads\/2016\/11\/check-icon.png\" alt=\"\" width=\"23\" height=\"23\" \/><\/p>\n<p class=\"checktext\" style=\"font-size: 18px !important; margin-bottom: 16px !important;\"><a class=\"apoielinks\" href=\"http:\/\/www.institutotmo.org.br\/apoie\/#adoteumleito\">Adote um leito<\/a><\/p>\n<p><img loading=\"lazy\" id=\"homecheck\" class=\"alignnone size-full wp-image-59\" src=\"http:\/\/www.institutotmo.org.br\/wp-content\/uploads\/2016\/11\/check-icon.png\" alt=\"\" width=\"23\" height=\"23\" \/><\/p>\n<p class=\"checktext\" style=\"font-size: 18px !important; margin-bottom: 16px !important;\"><a class=\"apoielinks\" href=\"http:\/\/www.institutotmo.org.br\/apoie\/#apoiofinanceiro\">Apoio financeiro<\/a><\/p>\n<p><img loading=\"lazy\" id=\"homecheck\" class=\"alignnone size-full wp-image-59\" src=\"http:\/\/www.institutotmo.org.br\/wp-content\/uploads\/2016\/11\/check-icon.png\" alt=\"\" width=\"23\" height=\"23\" \/><\/p>\n<p class=\"checktext\" style=\"font-size: 18px !important; margin-bottom: 16px !important;\"><a class=\"apoielinks\" href=\"http:\/\/www.institutotmo.org.br\/apoie\/#renunciafiscal\">Ren\u00fancia fiscal<\/a><\/p>\n<p><img loading=\"lazy\" id=\"homecheck\" class=\"alignnone size-full wp-image-59\" src=\"http:\/\/www.institutotmo.org.br\/wp-content\/uploads\/2016\/11\/check-icon.png\" alt=\"\" width=\"23\" height=\"23\" \/><\/p>\n<p class=\"checktext\" style=\"font-size: 18px !important; margin-bottom: 16px !important;\"><a class=\"apoielinks\" href=\"http:\/\/www.institutotmo.org.br\/apoie\/#projetopresentedevida\">Projeto Presente de Vida<\/a><\/p>\n<p><img loading=\"lazy\" id=\"homecheck\" class=\"alignnone size-full wp-image-59\" src=\"http:\/\/www.institutotmo.org.br\/wp-content\/uploads\/2016\/11\/check-icon.png\" alt=\"\" width=\"23\" height=\"23\" \/><\/p>\n<p class=\"checktext\" style=\"font-size: 18px !important; margin-bottom: 16px !important;\"><a class=\"apoielinks\" href=\"http:\/\/www.institutotmo.org.br\/apoie\/#voluntariado\">Voluntariado<\/a><\/p>\n<p><img loading=\"lazy\" id=\"homecheck\" class=\"alignnone size-full wp-image-59\" src=\"http:\/\/www.institutotmo.org.br\/wp-content\/uploads\/2016\/11\/check-icon.png\" alt=\"\" width=\"23\" height=\"23\" \/><\/p>\n<p class=\"checktext\" style=\"font-size: 18px !important;\">Autorize <a href=\"#autorizacao\"><span style=\"text-decoration: underline;\"><strong>aqui<\/strong><\/span><\/a> a emiss\u00e3o do boleto de doa\u00e7\u00e3o<\/p>\n<p>[\/vc_column_text][\/vc_column][vc_column width=&#8221;1\/3&#8243;][vc_column_text]<\/p>\n<h3>ASSISTA O V\u00cdDEO<\/h3>\n<p>[\/vc_column_text][vc_video link=&#8221;https:\/\/www.youtube.com\/watch?v=-BMBxlKItTM&#8221; align=&#8221;center&#8221;][\/vc_column][\/vc_row][vc_row][vc_column width=&#8221;1\/2&#8243;][vc_raw_html]JTNDaWZyYW1lJTIwc3JjJTNEJTIyaHR0cHMlM0ElMkYlMkZ3d3cuZmFjZWJvb2suY29tJTJGcGx1Z2lucyUyRnBhZ2UucGhwJTNGaHJlZiUzRGh0dHBzJTI1M0ElMjUyRiUyNTJGd3d3LmZhY2Vib29rLmNvbSUyNTJGSW5zdGl0dXRvVE1PJTI1MkYlMjZ0YWJzJTNEdGltZWxpbmUlMjZ3aWR0aCUzRDUwMCUyNmhlaWdodCUzRDUwMCUyNnNtYWxsX2hlYWRlciUzRGZhbHNlJTI2YWRhcHRfY29udGFpbmVyX3dpZHRoJTNEdHJ1ZSUyNmhpZGVfY292ZXIlM0RmYWxzZSUyNnNob3dfZmFjZXBpbGUlM0R0cnVlJTI2YXBwSWQlM0QzNTQzMzcwOTg1NzM1OTYlMjIlMjB3aWR0aCUzRCUyMjUwMCUyMiUyMGhlaWdodCUzRCUyMjUwMCUyMiUyMHN0eWxlJTNEJTIyYm9yZGVyJTNBbm9uZSUzQm92ZXJmbG93JTNBaGlkZGVuJTIyJTIwc2Nyb2xsaW5nJTNEJTIybm8lMjIlMjBmcmFtZWJvcmRlciUzRCUyMjAlMjIlMjBhbGxvd1RyYW5zcGFyZW5jeSUzRCUyMnRydWUlMjIlMjBhbGxvdyUzRCUyMmVuY3J5cHRlZC1tZWRpYSUyMiUzRSUzQyUyRmlmcmFtZSUzRQ==[\/vc_raw_html][\/vc_column][vc_column width=&#8221;1\/2&#8243;]\r\n            <div \r\n                class=\"elfsight-widget-instagram-widget elfsight-widget\" \r\n                data-elfsight-instagram-widget-options=\"%7B%22username%22%3A%22instituto.tmo%22%2C%22hashtag%22%3A%22%22%2C%22ban%22%3Anull%2C%22width%22%3A%22500px%22%2C%22height%22%3A%22500%22%2C%22imageSize%22%3A%22medium%22%2C%22showHeading%22%3Atrue%2C%22scroll%22%3Atrue%2C%22bgColor%22%3A%22%23285989%22%2C%22contentBgColor%22%3A%22%23f8f8f8%22%2C%22fontColor%22%3A%22%23ffffff%22%2C%22cacheMediaTime%22%3A300%2C%22lang%22%3A%22pt-BR%22%2C%22apiUrl%22%3A%22https%3A%5C%2F%5C%2Fwww.institutotmo.org.br%5C%2Fold%5C%2Fwp-admin%5C%2Fadmin-ajax.php%22%2C%22apiAction%22%3A%22elfsight_instagram_widget_api%22%7D\" \r\n                data-elfsight-instagram-widget-version=\"2.2.0\">\r\n            <\/div>\r\n            [\/vc_column][\/vc_row][vc_row gap=&#8221;25&#8243; el_id=&#8221;colunatripla&#8221;][vc_column width=&#8221;1\/3&#8243; css=&#8221;.vc_custom_1483015935576{margin-top: 35px !important;}&#8221; el_class=&#8221;colunatripla&#8221;][vc_single_image image=&#8221;99&#8243; img_size=&#8221;full&#8221; alignment=&#8221;center&#8221; onclick=&#8221;custom_link&#8221; link=&#8221;http:\/\/www.institutotmo.org.br\/casa-malice\/&#8221;][vc_column_text]<\/p>\n<h4 style=\"font-size: 20px !important; font-weight: 600 !important; text-align: center;\"><a href=\"http:\/\/www.institutotmo.org.br\/casa-malice\/\"><span style=\"color: #00aeec;\">CASA MALICE<\/span><\/a><\/h4>\n<p>[\/vc_column_text][vc_column_text css=&#8221;.vc_custom_1480674589269{margin-top: 0px !important;}&#8221;]<\/p>\n<p style=\"text-align: justify;\">A campanha Adote um Leito contribui para a manuten\u00e7\u00e3o e melhorias da Casa Malice, em Curitiba. O local abriga pessoas fora de seu domicilio, em tratamento de transplante de medula \u00f3ssea, para continuidade do acompanhamento m\u00e9dico e da recupera\u00e7\u00e3o.<\/p>\n<p>[\/vc_column_text][vc_column_text]<\/p>\n<h6 style=\"font-weight: 600 !important; line-height: 1.4 !important; text-align: center;\">Um lugar que acolhe vidas, minimiza<br \/>\ndificuldades e oferece conforto e cuidado.<\/h6>\n<p>[\/vc_column_text][vc_empty_space height=&#8221;22px&#8221;][vc_btn title=&#8221;COLABORE&#8221; style=&#8221;classic&#8221; shape=&#8221;square&#8221; color=&#8221;white&#8221; align=&#8221;center&#8221; el_class=&#8221;colaborebutton&#8221; link=&#8221;url:http%3A%2F%2Fwww.institutotmo.org.br%2Fapoie%2F|||&#8221;][\/vc_column][vc_column width=&#8221;1\/3&#8243; css=&#8221;.vc_custom_1483015946504{margin-top: 35px !important;}&#8221; el_class=&#8221;colunatripla&#8221;][vc_single_image image=&#8221;94&#8243; img_size=&#8221;full&#8221; alignment=&#8221;center&#8221; onclick=&#8221;custom_link&#8221; css_animation=&#8221;none&#8221; link=&#8221;http:\/\/www.institutotmo.org.br\/anemia-de-fanconi\/&#8221;][vc_column_text]<\/p>\n<h4 style=\"font-size: 20px !important; font-weight: 600 !important; text-align: center;\"><a href=\"http:\/\/www.institutotmo.org.br\/anemia-de-fanconi\/\"><span style=\"color: #00aeec;\">ANEMIA DE FANCONI<\/span><\/a><\/h4>\n<p>[\/vc_column_text][vc_column_text]<\/p>\n<p style=\"text-align: justify;\">Curitiba \u00e9 refer\u00eancia mundial no tratamento da Anemia de Fanconi e o ITMO luta para incluir a patologia no protocolo de doen\u00e7as raras brasileiro. Faz isso por meio de a\u00e7\u00f5es que alertam sobre a import\u00e2ncia do diagn\u00f3stico precoce para a sobrevida dos pacientes.<\/p>\n<p>[\/vc_column_text][vc_column_text]<\/p>\n<h6 style=\"font-weight: 600 !important; line-height: 1.4 !important; text-align: center;\">Voc\u00ea tamb\u00e9m pode escrever a hist\u00f3ria de muita gente. Participe dessa rede para salvar vidas.<\/h6>\n<p>[\/vc_column_text][vc_btn title=&#8221;COLABORE&#8221; style=&#8221;classic&#8221; shape=&#8221;square&#8221; color=&#8221;white&#8221; align=&#8221;center&#8221; el_class=&#8221;colaborebutton&#8221; link=&#8221;url:http%3A%2F%2Fwww.institutotmo.org.br%2Fapoie%2F|||&#8221;][\/vc_column][vc_column width=&#8221;1\/3&#8243; css=&#8221;.vc_custom_1483015953974{margin-top: 35px !important;}&#8221; el_class=&#8221;colunatripla&#8221;][vc_column_text]<div class=\"pt-cv-wrapper\"><div class=\"pt-cv-view pt-cv-grid pt-cv-colsys\" id=\"pt-cv-view-1a242c3hao\"><div data-id=\"pt-cv-page-1\" class=\"pt-cv-page\" data-cvc=\"1\"><div class=\"col-md-12 col-sm-6 col-xs-12 pt-cv-content-item pt-cv-1-col\" ><div class='pt-cv-ifield'><a href=\"https:\/\/www.institutotmo.org.br\/old\/instituto-tmo-recebe-o-joalheiro-ara-vartanian-em-evento\/\" class=\"_self pt-cv-href-thumbnail pt-cv-thumb-default\" target=\"_self\" ><img width=\"900\" height=\"587\" src=\"https:\/\/www.institutotmo.org.br\/old\/wp-content\/uploads\/2020\/04\/instituto-tmo-recebe-o-joalheiro-ara-vartanian-em-evento.jpg\" class=\"pt-cv-thumbnail\" alt=\"\" loading=\"lazy\" srcset=\"https:\/\/www.institutotmo.org.br\/old\/wp-content\/uploads\/2020\/04\/instituto-tmo-recebe-o-joalheiro-ara-vartanian-em-evento.jpg 900w, https:\/\/www.institutotmo.org.br\/old\/wp-content\/uploads\/2020\/04\/instituto-tmo-recebe-o-joalheiro-ara-vartanian-em-evento-300x196.jpg 300w, https:\/\/www.institutotmo.org.br\/old\/wp-content\/uploads\/2020\/04\/instituto-tmo-recebe-o-joalheiro-ara-vartanian-em-evento-768x501.jpg 768w, https:\/\/www.institutotmo.org.br\/old\/wp-content\/uploads\/2020\/04\/instituto-tmo-recebe-o-joalheiro-ara-vartanian-em-evento-830x541.jpg 830w, https:\/\/www.institutotmo.org.br\/old\/wp-content\/uploads\/2020\/04\/instituto-tmo-recebe-o-joalheiro-ara-vartanian-em-evento-230x150.jpg 230w, https:\/\/www.institutotmo.org.br\/old\/wp-content\/uploads\/2020\/04\/instituto-tmo-recebe-o-joalheiro-ara-vartanian-em-evento-350x228.jpg 350w, https:\/\/www.institutotmo.org.br\/old\/wp-content\/uploads\/2020\/04\/instituto-tmo-recebe-o-joalheiro-ara-vartanian-em-evento-480x313.jpg 480w\" sizes=\"(max-width: 900px) 100vw, 900px\" \/><\/a>\n<h4 class=\"pt-cv-title\"><a href=\"https:\/\/www.institutotmo.org.br\/old\/instituto-tmo-recebe-o-joalheiro-ara-vartanian-em-evento\/\" class=\"_self\" target=\"_self\" >Instituto TMO recebe o joalheiro Ara Vartanian em evento<\/a><\/h4>\n<div class=\"pt-cv-content\">Na \u00faltima quinta-feira, 12 de mar\u00e7o, o Instituto TMO recebeu em Curitiba o joalheiro Ara Vartanian e juntos realizaram um evento solid\u00e1rio. Na ocasi\u00e3o, ele apresentou suas cria\u00e7\u00f5es, e parte desta renda foi revertida para o Instituto TMO, que h\u00e1 31 anos apoia a\u00e7\u00f5es em prol do Transplante de Medula \u00d3ssea. Ara Vartanian tem como caracter\u00edstica de seu trabalho pe\u00e7as feitas \u00e0 m\u00e3o, o que confere um processo de cria\u00e7\u00e3o ...<br \/><a href=\"https:\/\/www.institutotmo.org.br\/old\/instituto-tmo-recebe-o-joalheiro-ara-vartanian-em-evento\/\" class=\"_self pt-cv-readmore btn btn-success\" target=\"_self\">Leia Mais<\/a><\/div><\/div><\/div><\/div><\/div><\/div>[\/vc_column_text][\/vc_column][\/vc_row][vc_row full_width=&#8221;stretch_row_content_no_spaces&#8221; css=&#8221;.vc_custom_1483022738104{margin-top: 20px !important;padding-top: 200px !important;padding-right: 15px !important;padding-bottom: 200px !important;padding-left: 15px !important;background-image: url(http:\/\/www.institutotmo.org.br\/wp-content\/uploads\/2016\/11\/foto-maos-2.jpg?id=1233) !important;background-position: center !important;background-repeat: no-repeat !important;background-size: cover !important;}&#8221;][vc_column][vc_column_text]<\/p>\n<h3 class=\"avida\" style=\"font-weight: 400 !important; text-align: center; line-height: 1.3;\"><span style=\"color: #ffffff;\">A vida \u00e9 uma hist\u00f3ria. E todas merecem finais felizes.<\/span><br \/>\n<span style=\"color: #ffffff;\"> Contribua com o TMO e nos ajude a continuar hist\u00f3rias.<\/span><\/h3>\n<p>[\/vc_column_text][\/vc_column][\/vc_row]<\/p>\n","protected":false},"excerpt":{"rendered":"<p>[vc_row full_width=&#8221;stretch_row_content_no_spaces&#8221; css=&#8221;.vc_custom_1482989074893{margin-top: 0px !important;margin-right: 0px !important;margin-bottom: 0px !important;margin-left: 0px !important;padding-top: 0px !important;padding-right: 0px !important;padding-bottom: 0px !important;padding-left: 0px !important;}&#8221;][vc_column css=&#8221;.vc_custom_1480228500768{margin-top: 0px !important;margin-right: 0px !important;margin-bottom: 0px !important;margin-left: 0px !important;padding-top: 0px !important;padding-right: 0px !important;padding-bottom: 0px !important;padding-left: 0px !important;}&#8221;][rev_slider_vc alias=&#8221;agency-2&#8243;][\/vc_column][\/vc_row][vc_row gap=&#8221;25&#8243; el_id=&#8221;conhecaoitmo&#8221;][vc_column width=&#8221;1\/3&#8243;][vc_column_text] DOE [\/vc_column_text][vc_column_text el_class=&#8221;colunaumhome&#8221;] MEDULA \u00d3SSEA SANGUE PLAQUETAS [\/vc_column_text][\/vc_column][vc_column width=&#8221;1\/3&#8243;][vc_column_text] APOIE [\/vc_column_text][vc_column_text] Adote um leito Apoio [&hellip;]<\/p>\n","protected":false},"author":1,"featured_media":0,"parent":0,"menu_order":0,"comment_status":"closed","ping_status":"closed","template":"page-templates\/page_fullwidth.php","meta":{"spay_email":""},"_links":{"self":[{"href":"https:\/\/www.institutotmo.org.br\/old\/wp-json\/wp\/v2\/pages\/5"}],"collection":[{"href":"https:\/\/www.institutotmo.org.br\/old\/wp-json\/wp\/v2\/pages"}],"about":[{"href":"https:\/\/www.institutotmo.org.br\/old\/wp-json\/wp\/v2\/types\/page"}],"author":[{"embeddable":true,"href":"https:\/\/www.institutotmo.org.br\/old\/wp-json\/wp\/v2\/users\/1"}],"replies":[{"embeddable":true,"href":"https:\/\/www.institutotmo.org.br\/old\/wp-json\/wp\/v2\/comments?post=5"}],"version-history":[{"count":90,"href":"https:\/\/www.institutotmo.org.br\/old\/wp-json\/wp\/v2\/pages\/5\/revisions"}],"predecessor-version":[{"id":1655,"href":"https:\/\/www.institutotmo.org.br\/old\/wp-json\/wp\/v2\/pages\/5\/revisions\/1655"}],"wp:attachment":[{"href":"https:\/\/www.institutotmo.org.br\/old\/wp-json\/wp\/v2\/media?parent=5"}],"curies":[{"name":"wp","href":"https:\/\/api.w.org\/{rel}","templated":true}]}}